{"id":24926,"date":"2017-10-23T07:02:12","date_gmt":"2017-10-23T03:32:12","guid":{"rendered":"http:\/\/theme.webexir.net\/?page_id=1711"},"modified":"2025-05-31T12:42:32","modified_gmt":"2025-05-31T09:12:32","slug":"talirans-history","status":"publish","type":"page","link":"https:\/\/www.taliran.com\/en\/talirans-history\/","title":{"rendered":"Taliran\u2019s history"},"content":{"rendered":"\n\n\t<h1>\n\t\t\t\t<strong>Taliran Tarihi<\/strong>\n\t\t\t<\/h1>\n\t\t\t<p>Kurulu\u015f tarihi: 16\/03\/1991End\u00fcstriyel Faaliyet Ruhsat\u0131n\u0131 Veren Kurulu\u015f: Sanayi, Maden ve Ticaret Bakanl\u0131\u011f\u0131\u00c7al\u0131\u015fanlar: Yakla\u015f\u0131k 100 ki\u015fiFabrika Alan\u0131: 11000 metrekare\u00a0\u00dcretim ve depolama alan\u0131: 6000 metrekare<\/p>\t\n\t\t\t\t\t\t\t<p>1991<\/p>\n\t\t\t\t\t\t\t<p>Tahran, \u0130ran&#8217;da kay\u0131t<\/p>\t\t\t\t\t\t\t\t\t\t\t\t\t\n\t\t\t\t\t\t\t<p>1998<\/p>\n\t\t\t\t\t\t\t<p>Fabrikan\u0131n \u015fimdiki yerine (Safadasht, Shahryar) ta\u015f\u0131nmas\u0131 ve idari ve \u00fcretim altyap\u0131s\u0131n\u0131n geli\u015ftirilmesi<\/p>\t\t\t\t\t\t\t\t\t\t\t\t\t\n\t\t\t\t\t\t\t<p>2000<\/p>\n\t\t\t\t\t\t\t<p>\u00c7ekmeceli al\u00e7ak gerilim ve orta gerilim \u015falt cihazlar\u0131n\u0131n ilk kabul edilebilir numunelerinin yerli teknik bilgi birikimi kullan\u0131larak \u00fcretilmesi ve bunlar\u0131n dahili laboratuvarlarda test edilmesi<\/p>\t\t\t\t\t\t\t\t\t\t\t\t\t\n\t\t\t\t\t\t\t<p>2003<\/p>\n\t\t\t\t\t\t\t<p>\u00dcretim ve depolama alanlar\u0131n\u0131n geli\u015ftirilmesi ve \u00fcretim hatt\u0131na birka\u00e7 makinenin eklenmesi<\/p>\t\t\t\t\t\t\t\t\t\t\t\t\t\n\t\t\t\t\t\t\t<p>2011<\/p>\n\t\t\t\t\t\t\t<p>Tavanir Denetimi ile ICMET laboratuvar\u0131ndan (ILAC g\u00f6zetiminde) \u00e7ekmeceli al\u00e7ak gerilim ve orta gerilim \u015falt cihazlar\u0131 i\u00e7in tip test sertifikas\u0131n\u0131n al\u0131nmas\u0131; Ayr\u0131ca g\u00fcvenilir bir Avrupal\u0131 firmadan lisans belgesi almak<\/p>\t\t\t\t\t\t\t\t\t\t\t\t\t\n\t\t\t\t\t\t\t<p>2016<\/p>\n\t\t\t\t\t\t\t<p>Siemens ile AG ve OG \u015falt cihazlar\u0131n\u0131n \u00fcretimi i\u00e7in lisans anla\u015fmas\u0131n\u0131n imzalanmas\u0131; idari ve teknik altyap\u0131lar\u0131n geli\u015ftirilmesi, \u00fcr\u00fcn kalitesinde, niceli\u011finde ve \u00e7e\u015fitlili\u011finde b\u00fcy\u00fck de\u011fi\u015fiklikler yap\u0131lmas\u0131.<\/p>\n\t\t\t\t\t\t\t<p>2017<\/p>\n\t\t\t\t\t\t\t<p>PLC ve kontrol ekipmanlar\u0131n\u0131n da\u011f\u0131t\u0131m\u0131 ve m\u00fchendislik hizmetlerinin sa\u011flanmas\u0131 konusunda ABB ile anla\u015fman\u0131n imzalanmas\u0131; ayr\u0131ca kompakt OG panelleri ve kompakt trafo merkezleri alan\u0131nda ABB ile ticari ve teknik i\u015fbirli\u011fine ba\u015flanmas\u0131<\/p>\t\t\t\t\t\t\t\t\t\t\t\t\t\n\n","protected":false},"excerpt":{"rendered":"<p>Taliran Tarihi Kurulu\u015f tarihi: 16\/03\/1991End\u00fcstriyel Faaliyet Ruhsat\u0131n\u0131 Veren Kurulu\u015f: Sanayi, Maden ve Ticaret Bakanl\u0131\u011f\u0131\u00c7al\u0131\u015fanlar: Yakla\u015f\u0131k 100 ki\u015fiFabrika Alan\u0131: 11000 metrekare\u00a0\u00dcretim ve depolama alan\u0131: 6000 metrekare 1991 Tahran, \u0130ran&#8217;da kay\u0131t 1998 Fabrikan\u0131n \u015fimdiki yerine (Safadasht, Shahryar) ta\u015f\u0131nmas\u0131 ve idari ve \u00fcretim altyap\u0131s\u0131n\u0131n geli\u015ftirilmesi 2000 \u00c7ekmeceli al\u00e7ak gerilim ve orta gerilim \u015falt cihazlar\u0131n\u0131n ilk kabul edilebilir numunelerinin&hellip;<\/p>\n","protected":false},"author":4,"featured_media":0,"parent":0,"menu_order":0,"comment_status":"closed","ping_status":"closed","template":"","meta":{"_acf_changed":false,"footnotes":""},"class_list":["post-24926","page","type-page","status-publish","hentry"],"acf":[],"yoast_head":"<!-- This site is optimized with the Yoast SEO plugin v27.5 - https:\/\/yoast.com\/product\/yoast-seo-wordpress\/ -->\n<title>Taliran\u2019s history - Taliran engineering company<\/title>\n<meta name=\"robots\" content=\"index, follow, max-snippet:-1, max-image-preview:large, max-video-preview:-1\" \/>\n<link rel=\"canonical\" href=\"https:\/\/www.taliran.com\/en\/talirans-history\/\" \/>\n<meta property=\"og:locale\" content=\"en_US\" \/>\n<meta property=\"og:type\" content=\"article\" \/>\n<meta property=\"og:title\" content=\"Taliran\u2019s history - Taliran engineering company\" \/>\n<meta property=\"og:description\" content=\"Taliran Tarihi Kurulu\u015f tarihi: 16\/03\/1991End\u00fcstriyel Faaliyet Ruhsat\u0131n\u0131 Veren Kurulu\u015f: Sanayi, Maden ve Ticaret Bakanl\u0131\u011f\u0131\u00c7al\u0131\u015fanlar: Yakla\u015f\u0131k 100 ki\u015fiFabrika Alan\u0131: 11000 metrekare\u00a0\u00dcretim ve depolama alan\u0131: 6000 metrekare 1991 Tahran, \u0130ran&#8217;da kay\u0131t 1998 Fabrikan\u0131n \u015fimdiki yerine (Safadasht, Shahryar) ta\u015f\u0131nmas\u0131 ve idari ve \u00fcretim altyap\u0131s\u0131n\u0131n geli\u015ftirilmesi 2000 \u00c7ekmeceli al\u00e7ak gerilim ve orta gerilim \u015falt cihazlar\u0131n\u0131n ilk kabul edilebilir numunelerinin&hellip;\" \/>\n<meta property=\"og:url\" content=\"https:\/\/www.taliran.com\/en\/talirans-history\/\" \/>\n<meta property=\"og:site_name\" content=\"Taliran engineering company\" \/>\n<meta property=\"article:modified_time\" content=\"2025-05-31T09:12:32+00:00\" \/>\n<meta name=\"twitter:card\" content=\"summary_large_image\" \/>\n<meta name=\"twitter:label1\" content=\"Est. reading time\" \/>\n\t<meta name=\"twitter:data1\" content=\"1 minute\" \/>\n<script type=\"application\/ld+json\" class=\"yoast-schema-graph\">{\"@context\":\"https:\\\/\\\/schema.org\",\"@graph\":[{\"@type\":\"WebPage\",\"@id\":\"https:\\\/\\\/www.taliran.com\\\/en\\\/talirans-history\\\/\",\"url\":\"https:\\\/\\\/www.taliran.com\\\/en\\\/talirans-history\\\/\",\"name\":\"Taliran\u2019s history - Taliran engineering company\",\"isPartOf\":{\"@id\":\"https:\\\/\\\/www.taliran.com\\\/en\\\/#website\"},\"datePublished\":\"2017-10-23T03:32:12+00:00\",\"dateModified\":\"2025-05-31T09:12:32+00:00\",\"breadcrumb\":{\"@id\":\"https:\\\/\\\/www.taliran.com\\\/en\\\/talirans-history\\\/#breadcrumb\"},\"inLanguage\":\"en-US\",\"potentialAction\":[{\"@type\":\"ReadAction\",\"target\":[\"https:\\\/\\\/www.taliran.com\\\/en\\\/talirans-history\\\/\"]}]},{\"@type\":\"BreadcrumbList\",\"@id\":\"https:\\\/\\\/www.taliran.com\\\/en\\\/talirans-history\\\/#breadcrumb\",\"itemListElement\":[{\"@type\":\"ListItem\",\"position\":1,\"name\":\"Home Page\",\"item\":\"https:\\\/\\\/www.taliran.com\\\/en\\\/\"},{\"@type\":\"ListItem\",\"position\":2,\"name\":\"Taliran\u2019s history\"}]},{\"@type\":\"WebSite\",\"@id\":\"https:\\\/\\\/www.taliran.com\\\/en\\\/#website\",\"url\":\"https:\\\/\\\/www.taliran.com\\\/en\\\/\",\"name\":\"Taliran engineering company\",\"description\":\"\",\"publisher\":{\"@id\":\"https:\\\/\\\/www.taliran.com\\\/en\\\/#organization\"},\"potentialAction\":[{\"@type\":\"SearchAction\",\"target\":{\"@type\":\"EntryPoint\",\"urlTemplate\":\"https:\\\/\\\/www.taliran.com\\\/en\\\/?s={search_term_string}\"},\"query-input\":{\"@type\":\"PropertyValueSpecification\",\"valueRequired\":true,\"valueName\":\"search_term_string\"}}],\"inLanguage\":\"en-US\"},{\"@type\":\"Organization\",\"@id\":\"https:\\\/\\\/www.taliran.com\\\/en\\\/#organization\",\"name\":\"taliran company\",\"url\":\"https:\\\/\\\/www.taliran.com\\\/en\\\/\",\"logo\":{\"@type\":\"ImageObject\",\"inLanguage\":\"en-US\",\"@id\":\"https:\\\/\\\/www.taliran.com\\\/en\\\/#\\\/schema\\\/logo\\\/image\\\/\",\"url\":\"https:\\\/\\\/www.taliran.com\\\/en\\\/wp-content\\\/uploads\\\/2017\\\/09\\\/Taliran-Logo.png\",\"contentUrl\":\"https:\\\/\\\/www.taliran.com\\\/en\\\/wp-content\\\/uploads\\\/2017\\\/09\\\/Taliran-Logo.png\",\"width\":725,\"height\":725,\"caption\":\"taliran company\"},\"image\":{\"@id\":\"https:\\\/\\\/www.taliran.com\\\/en\\\/#\\\/schema\\\/logo\\\/image\\\/\"}}]}<\/script>\n<!-- \/ Yoast SEO plugin. -->","yoast_head_json":{"title":"Taliran\u2019s history - Taliran engineering company","robots":{"index":"index","follow":"follow","max-snippet":"max-snippet:-1","max-image-preview":"max-image-preview:large","max-video-preview":"max-video-preview:-1"},"canonical":"https:\/\/www.taliran.com\/en\/talirans-history\/","og_locale":"en_US","og_type":"article","og_title":"Taliran\u2019s history - Taliran engineering company","og_description":"Taliran Tarihi Kurulu\u015f tarihi: 16\/03\/1991End\u00fcstriyel Faaliyet Ruhsat\u0131n\u0131 Veren Kurulu\u015f: Sanayi, Maden ve Ticaret Bakanl\u0131\u011f\u0131\u00c7al\u0131\u015fanlar: Yakla\u015f\u0131k 100 ki\u015fiFabrika Alan\u0131: 11000 metrekare\u00a0\u00dcretim ve depolama alan\u0131: 6000 metrekare 1991 Tahran, \u0130ran&#8217;da kay\u0131t 1998 Fabrikan\u0131n \u015fimdiki yerine (Safadasht, Shahryar) ta\u015f\u0131nmas\u0131 ve idari ve \u00fcretim altyap\u0131s\u0131n\u0131n geli\u015ftirilmesi 2000 \u00c7ekmeceli al\u00e7ak gerilim ve orta gerilim \u015falt cihazlar\u0131n\u0131n ilk kabul edilebilir numunelerinin&hellip;","og_url":"https:\/\/www.taliran.com\/en\/talirans-history\/","og_site_name":"Taliran engineering company","article_modified_time":"2025-05-31T09:12:32+00:00","twitter_card":"summary_large_image","twitter_misc":{"Est. reading time":"1 minute"},"schema":{"@context":"https:\/\/schema.org","@graph":[{"@type":"WebPage","@id":"https:\/\/www.taliran.com\/en\/talirans-history\/","url":"https:\/\/www.taliran.com\/en\/talirans-history\/","name":"Taliran\u2019s history - Taliran engineering company","isPartOf":{"@id":"https:\/\/www.taliran.com\/en\/#website"},"datePublished":"2017-10-23T03:32:12+00:00","dateModified":"2025-05-31T09:12:32+00:00","breadcrumb":{"@id":"https:\/\/www.taliran.com\/en\/talirans-history\/#breadcrumb"},"inLanguage":"en-US","potentialAction":[{"@type":"ReadAction","target":["https:\/\/www.taliran.com\/en\/talirans-history\/"]}]},{"@type":"BreadcrumbList","@id":"https:\/\/www.taliran.com\/en\/talirans-history\/#breadcrumb","itemListElement":[{"@type":"ListItem","position":1,"name":"Home Page","item":"https:\/\/www.taliran.com\/en\/"},{"@type":"ListItem","position":2,"name":"Taliran\u2019s history"}]},{"@type":"WebSite","@id":"https:\/\/www.taliran.com\/en\/#website","url":"https:\/\/www.taliran.com\/en\/","name":"Taliran engineering company","description":"","publisher":{"@id":"https:\/\/www.taliran.com\/en\/#organization"},"potentialAction":[{"@type":"SearchAction","target":{"@type":"EntryPoint","urlTemplate":"https:\/\/www.taliran.com\/en\/?s={search_term_string}"},"query-input":{"@type":"PropertyValueSpecification","valueRequired":true,"valueName":"search_term_string"}}],"inLanguage":"en-US"},{"@type":"Organization","@id":"https:\/\/www.taliran.com\/en\/#organization","name":"taliran company","url":"https:\/\/www.taliran.com\/en\/","logo":{"@type":"ImageObject","inLanguage":"en-US","@id":"https:\/\/www.taliran.com\/en\/#\/schema\/logo\/image\/","url":"https:\/\/www.taliran.com\/en\/wp-content\/uploads\/2017\/09\/Taliran-Logo.png","contentUrl":"https:\/\/www.taliran.com\/en\/wp-content\/uploads\/2017\/09\/Taliran-Logo.png","width":725,"height":725,"caption":"taliran company"},"image":{"@id":"https:\/\/www.taliran.com\/en\/#\/schema\/logo\/image\/"}}]}},"_links":{"self":[{"href":"https:\/\/www.taliran.com\/en\/wp-json\/wp\/v2\/pages\/24926","targetHints":{"allow":["GET"]}}],"collection":[{"href":"https:\/\/www.taliran.com\/en\/wp-json\/wp\/v2\/pages"}],"about":[{"href":"https:\/\/www.taliran.com\/en\/wp-json\/wp\/v2\/types\/page"}],"author":[{"embeddable":true,"href":"https:\/\/www.taliran.com\/en\/wp-json\/wp\/v2\/users\/4"}],"replies":[{"embeddable":true,"href":"https:\/\/www.taliran.com\/en\/wp-json\/wp\/v2\/comments?post=24926"}],"version-history":[{"count":0,"href":"https:\/\/www.taliran.com\/en\/wp-json\/wp\/v2\/pages\/24926\/revisions"}],"wp:attachment":[{"href":"https:\/\/www.taliran.com\/en\/wp-json\/wp\/v2\/media?parent=24926"}],"curies":[{"name":"wp","href":"https:\/\/api.w.org\/{rel}","templated":true}]}}